{"id":467,"date":"2021-05-28T08:18:16","date_gmt":"2021-05-28T08:18:16","guid":{"rendered":"https:\/\/www.mybutton.org\/?page_id=467"},"modified":"2021-05-28T08:18:16","modified_gmt":"2021-05-28T08:18:16","slug":"coffee-projects","status":"publish","type":"page","link":"https:\/\/www.mybutton.org\/?page_id=467","title":{"rendered":"Coffee Projects"},"content":{"rendered":"\n<p>Yeni Projemiz Hakk\u0131ndaki bilgileri burada bulabilirsiniz:<\/p>\n\n\n\n<div class=\"wp-block-columns is-layout-flex wp-container-core-columns-is-layout-28f84493 wp-block-columns-is-layout-flex\">\n<div class=\"wp-block-column is-layout-flow wp-block-column-is-layout-flow\"><\/div>\n<\/div>\n\n\n\n<pre class=\"wp-block-code\"><code>Bildi\u011finiz Gibi, Cyber Projesine son zamanlarda Projede bulunmayan botlar eklendi.\nBiz de bunun do\u011fru olmad\u0131\u011f\u0131na karar verdik.\n\nBu G\u00fcn, Coffee Projects Sistemini ba\u015flatt\u0131k. Di\u011fer Botlar\u0131m\u0131z\n(Mybutton Guard, SCR, Obamos, vb) art\u0131k Bu Projede geli\u015ftirilecek.\n<\/code><\/pre>\n\n\n\n<p>Projeye G\u00f6z Atmak i\u00e7in, <a href=\"http:\/\/run.mybutton.org\/redir.php?redirect=coffee_projects_info\">Buraya<\/a> (Daha \u00c7al\u0131\u015fm\u0131yor.) T\u0131klayarak Bilgilendirmeye ula\u015fabilirsiniz.<\/p>\n","protected":false},"excerpt":{"rendered":"<p>Yeni Projemiz Hakk\u0131ndaki bilgileri burada bulabilirsiniz: Projeye G\u00f6z Atmak i\u00e7in, Buraya (Daha \u00c7al\u0131\u015fm\u0131yor.) T\u0131klayarak Bilgilendirmeye ula\u015fabilirsiniz.<\/p>\n","protected":false},"author":1,"featured_media":0,"parent":0,"menu_order":0,"comment_status":"closed","ping_status":"closed","template":"","meta":{"footnotes":""},"class_list":["post-467","page","type-page","status-publish","hentry"],"_links":{"self":[{"href":"https:\/\/www.mybutton.org\/index.php?rest_route=\/wp\/v2\/pages\/467","targetHints":{"allow":["GET"]}}],"collection":[{"href":"https:\/\/www.mybutton.org\/index.php?rest_route=\/wp\/v2\/pages"}],"about":[{"href":"https:\/\/www.mybutton.org\/index.php?rest_route=\/wp\/v2\/types\/page"}],"author":[{"embeddable":true,"href":"https:\/\/www.mybutton.org\/index.php?rest_route=\/wp\/v2\/users\/1"}],"replies":[{"embeddable":true,"href":"https:\/\/www.mybutton.org\/index.php?rest_route=%2Fwp%2Fv2%2Fcomments&post=467"}],"version-history":[{"count":1,"href":"https:\/\/www.mybutton.org\/index.php?rest_route=\/wp\/v2\/pages\/467\/revisions"}],"predecessor-version":[{"id":468,"href":"https:\/\/www.mybutton.org\/index.php?rest_route=\/wp\/v2\/pages\/467\/revisions\/468"}],"wp:attachment":[{"href":"https:\/\/www.mybutton.org\/index.php?rest_route=%2Fwp%2Fv2%2Fmedia&parent=467"}],"curies":[{"name":"wp","href":"https:\/\/api.w.org\/{rel}","templated":true}]}}