{"id":348,"date":"2021-02-18T08:26:48","date_gmt":"2021-02-18T08:26:48","guid":{"rendered":"https:\/\/www.mybutton.org\/?page_id=348"},"modified":"2023-08-03T09:44:14","modified_gmt":"2023-08-03T09:44:14","slug":"cyber-basic","status":"publish","type":"page","link":"https:\/\/www.mybutton.org\/?page_id=348","title":{"rendered":"Cyber Projesi"},"content":{"rendered":"\n<p class=\"has-primary-color has-text-color\" style=\"font-size:clamp(38.682px, 2.418rem + ((1vw - 3.2px) * 3.471), 72px);px\">En Geli\u015fmi\u015f T\u00fcrk\u00e7e Genel Servis Botlar\u0131.<\/p>\n\n\n\n<p>Botlar\u0131m\u0131z hakk\u0131nda daha fazla bilgi \u00f6\u011frenmek i\u00e7in l\u00fctfen <a href=\"https:\/\/cyber.mybutton.org\/\">cyber.mybutton.org<\/a> websitemize ula\u015f\u0131n.<\/p>\n","protected":false},"excerpt":{"rendered":"<p>En Geli\u015fmi\u015f T\u00fcrk\u00e7e Genel Servis Botlar\u0131. Botlar\u0131m\u0131z hakk\u0131nda daha fazla bilgi \u00f6\u011frenmek i\u00e7in l\u00fctfen cyber.mybutton.org websitemize ula\u015f\u0131n.<\/p>\n","protected":false},"author":1,"featured_media":0,"parent":0,"menu_order":0,"comment_status":"open","ping_status":"closed","template":"","meta":{"footnotes":""},"class_list":["post-348","page","type-page","status-publish","hentry"],"_links":{"self":[{"href":"https:\/\/www.mybutton.org\/index.php?rest_route=\/wp\/v2\/pages\/348","targetHints":{"allow":["GET"]}}],"collection":[{"href":"https:\/\/www.mybutton.org\/index.php?rest_route=\/wp\/v2\/pages"}],"about":[{"href":"https:\/\/www.mybutton.org\/index.php?rest_route=\/wp\/v2\/types\/page"}],"author":[{"embeddable":true,"href":"https:\/\/www.mybutton.org\/index.php?rest_route=\/wp\/v2\/users\/1"}],"replies":[{"embeddable":true,"href":"https:\/\/www.mybutton.org\/index.php?rest_route=%2Fwp%2Fv2%2Fcomments&post=348"}],"version-history":[{"count":7,"href":"https:\/\/www.mybutton.org\/index.php?rest_route=\/wp\/v2\/pages\/348\/revisions"}],"predecessor-version":[{"id":627,"href":"https:\/\/www.mybutton.org\/index.php?rest_route=\/wp\/v2\/pages\/348\/revisions\/627"}],"wp:attachment":[{"href":"https:\/\/www.mybutton.org\/index.php?rest_route=%2Fwp%2Fv2%2Fmedia&parent=348"}],"curies":[{"name":"wp","href":"https:\/\/api.w.org\/{rel}","templated":true}]}}